{"id":1839,"date":"2026-02-15T08:52:39","date_gmt":"2026-02-15T08:52:39","guid":{"rendered":"https:\/\/nomadlaw.ch\/ueber-uns\/"},"modified":"2026-03-11T20:17:24","modified_gmt":"2026-03-11T20:17:24","slug":"ueber-uns","status":"publish","type":"page","link":"https:\/\/nomadlaw.ch\/de\/ueber-uns\/","title":{"rendered":"\u00dcber uns"},"content":{"rendered":"\t\t<div data-elementor-type=\"wp-page\" data-elementor-id=\"1839\" class=\"elementor elementor-1839 elementor-575\" data-elementor-post-type=\"page\">\n\t\t\t\t<div class=\"elementor-element elementor-element-d16b246 e-flex e-con-boxed e-con e-parent\" data-id=\"d16b246\" data-element_type=\"container\" data-e-type=\"container\" data-settings=\"{&quot;background_background&quot;:&quot;classic&quot;}\">\n\t\t\t\t\t<div class=\"e-con-inner\">\n\t\t\t\t<div class=\"elementor-element elementor-element-7dd7537 elementor-widget elementor-widget-heading\" data-id=\"7dd7537\" data-element_type=\"widget\" data-e-type=\"widget\" data-widget_type=\"heading.default\">\n\t\t\t\t\t<h1 class=\"elementor-heading-title elementor-size-default\">\u00dcber uns<\/h1>\t\t\t\t<\/div>\n\t\t\t\t<div class=\"elementor-element elementor-element-ece438d elementor-widget elementor-widget-text-editor\" data-id=\"ece438d\" data-element_type=\"widget\" data-e-type=\"widget\" data-widget_type=\"text-editor.default\">\n\t\t\t\t\t\t\t\t\t<p>Wir sind ein schweizerisch-thail\u00e4ndisches Ehepaar und stehen hinter Nomadlaw. Viele der Herausforderungen, rechtlichen Fragen und allt\u00e4glichen H\u00fcrden, die unsere Klienten an uns herantragen, sind uns aus eigener Erfahrung bestens vertraut. Gerade diese pers\u00f6nliche Erfahrung hat uns motiviert, Nomadlaw zu gr\u00fcnden und die thail\u00e4ndische Gemeinschaft in der Schweiz sowie Schweizer in Thailand zu unterst\u00fctzen.  <\/p>\t\t\t\t\t\t\t\t<\/div>\n\t\t\t\t<div class=\"elementor-element elementor-element-25491ca elementor-widget elementor-widget-text-editor\" data-id=\"25491ca\" data-element_type=\"widget\" data-e-type=\"widget\" data-widget_type=\"text-editor.default\">\n\t\t\t\t\t\t\t\t\t<p>Nomadlaw ist Ihr spezialisierter Ansprechpartner f\u00fcr alle rechtlichen Angelegenheiten in der Schweiz sowie an der Schnittstelle zwischen der Schweiz und Thailand.<\/p>\t\t\t\t\t\t\t\t<\/div>\n\t\t\t\t\t<\/div>\n\t\t\t\t<\/div>\n\t\t<div class=\"elementor-element elementor-element-0692bcc e-flex e-con-boxed e-con e-parent\" data-id=\"0692bcc\" data-element_type=\"container\" data-e-type=\"container\" data-settings=\"{&quot;background_background&quot;:&quot;classic&quot;}\">\n\t\t\t\t\t<div class=\"e-con-inner\">\n\t\t<div class=\"elementor-element elementor-element-944cd77 e-con-full e-flex e-con e-child\" data-id=\"944cd77\" data-element_type=\"container\" data-e-type=\"container\">\n\t\t\t\t<div class=\"elementor-element elementor-element-514552b elementor-align-start elementor-icon-list--layout-traditional elementor-list-item-link-full_width elementor-widget elementor-widget-icon-list\" data-id=\"514552b\" data-element_type=\"widget\" data-e-type=\"widget\" data-widget_type=\"icon-list.default\">\n\t\t\t\t\t\t\t<ul class=\"elementor-icon-list-items\">\n\t\t\t\t\t\t\t<li class=\"elementor-icon-list-item\">\n\t\t\t\t\t\t\t\t\t\t\t<span class=\"elementor-icon-list-icon\">\n\t\t\t\t\t\t\t<svg aria-hidden=\"true\" class=\"e-font-icon-svg e-fas-minus\" viewBox=\"0 0 448 512\" xmlns=\"http:\/\/www.w3.org\/2000\/svg\"><path d=\"M416 208H32c-17.67 0-32 14.33-32 32v32c0 17.67 14.33 32 32 32h384c17.67 0 32-14.33 32-32v-32c0-17.67-14.33-32-32-32z\"><\/path><\/svg>\t\t\t\t\t\t<\/span>\n\t\t\t\t\t\t\t\t\t\t<span class=\"elementor-icon-list-text\">MISSION<\/span>\n\t\t\t\t\t\t\t\t\t<\/li>\n\t\t\t\t\t\t<\/ul>\n\t\t\t\t\t\t<\/div>\n\t\t\t\t<div class=\"elementor-element elementor-element-660788c elementor-widget elementor-widget-heading\" data-id=\"660788c\" data-element_type=\"widget\" data-e-type=\"widget\" data-widget_type=\"heading.default\">\n\t\t\t\t\t<h2 class=\"elementor-heading-title elementor-size-default\">Unsere Mission &amp; Ansatz<\/h2>\t\t\t\t<\/div>\n\t\t\t\t<div class=\"elementor-element elementor-element-f1dd68a elementor-widget elementor-widget-text-editor\" data-id=\"f1dd68a\" data-element_type=\"widget\" data-e-type=\"widget\" data-widget_type=\"text-editor.default\">\n\t\t\t\t\t\t\t\t\t<p>Wir begleiten binationale Paare und Familien in der Schweiz, in der Schweiz lebende oder zuziehende Thail\u00e4nder, Schweizer Staatsangeh\u00f6rige in Thailand sowie Unternehmen, die grenz\u00fcberschreitend t\u00e4tig sind.<\/p>\t\t\t\t\t\t\t\t<\/div>\n\t\t\t\t<div class=\"elementor-element elementor-element-cc4846f elementor-widget elementor-widget-text-editor\" data-id=\"cc4846f\" data-element_type=\"widget\" data-e-type=\"widget\" data-widget_type=\"text-editor.default\">\n\t\t\t\t\t\t\t\t\t<p>Dank unserer Kenntnisse beider Rechtssysteme, einem klar strukturierten Legal Project Management Ansatz und einem starken, vertrauensw\u00fcrdigen Partnernetzwerk in Thailand und der Schweiz verschaffen wir Ihnen Klarheit, Rechtssicherheit und wirklich nachhaltige, langfristige L\u00f6sungen.<\/p>\t\t\t\t\t\t\t\t<\/div>\n\t\t\t\t<div class=\"elementor-element elementor-element-75766d4 elementor-widget elementor-widget-text-editor\" data-id=\"75766d4\" data-element_type=\"widget\" data-e-type=\"widget\" data-widget_type=\"text-editor.default\">\n\t\t\t\t\t\t\t\t\t<p>Nomadlaw wurde gegr\u00fcndet, um Einzelpersonen und Unternehmen in grenz\u00fcberschreitenden Lebenssituationen zwischen der Schweiz und Thailand rechtssicher, transparent und pers\u00f6nlich zu begleiten.<\/p>\t\t\t\t\t\t\t\t<\/div>\n\t\t\t\t<\/div>\n\t\t<div class=\"elementor-element elementor-element-59c5e79 e-con-full e-flex e-con e-child\" data-id=\"59c5e79\" data-element_type=\"container\" data-e-type=\"container\">\n\t\t\t\t<div class=\"elementor-element elementor-element-0dcf986 elementor-widget elementor-widget-image\" data-id=\"0dcf986\" data-element_type=\"widget\" data-e-type=\"widget\" data-widget_type=\"image.default\">\n\t\t\t\t\t\t\t\t\t\t\t\t\t\t\t<img fetchpriority=\"high\" decoding=\"async\" width=\"800\" height=\"626\" src=\"https:\/\/nomadlaw.ch\/wp-content\/uploads\/2026\/02\/aboust-1-1.jpg\" class=\"attachment-large size-large wp-image-1840\" alt=\"\" srcset=\"https:\/\/nomadlaw.ch\/wp-content\/uploads\/2026\/02\/aboust-1-1.jpg 831w, https:\/\/nomadlaw.ch\/wp-content\/uploads\/2026\/02\/aboust-1-1-300x235.jpg 300w, https:\/\/nomadlaw.ch\/wp-content\/uploads\/2026\/02\/aboust-1-1-768x601.jpg 768w\" sizes=\"(max-width: 800px) 100vw, 800px\" \/>\t\t\t\t\t\t\t\t\t\t\t\t\t\t\t<\/div>\n\t\t\t\t<\/div>\n\t\t\t\t\t<\/div>\n\t\t\t\t<\/div>\n\t\t<div class=\"elementor-element elementor-element-bbf3837 e-con-full e-flex e-con e-parent\" data-id=\"bbf3837\" data-element_type=\"container\" data-e-type=\"container\" data-settings=\"{&quot;background_background&quot;:&quot;classic&quot;}\">\n\t\t<div class=\"elementor-element elementor-element-c984f81 e-con-full e-flex e-con e-child\" data-id=\"c984f81\" data-element_type=\"container\" data-e-type=\"container\">\n\t\t\t\t<div class=\"elementor-element elementor-element-4f5a5c3 elementor-widget elementor-widget-image\" data-id=\"4f5a5c3\" data-element_type=\"widget\" data-e-type=\"widget\" data-widget_type=\"image.default\">\n\t\t\t\t\t\t\t\t\t\t\t\t\t\t\t<img decoding=\"async\" width=\"467\" height=\"535\" src=\"https:\/\/nomadlaw.ch\/wp-content\/uploads\/2026\/02\/portrait.webp\" class=\"attachment-large size-large wp-image-1842\" alt=\"\" srcset=\"https:\/\/nomadlaw.ch\/wp-content\/uploads\/2026\/02\/portrait.webp 467w, https:\/\/nomadlaw.ch\/wp-content\/uploads\/2026\/02\/portrait-262x300.webp 262w\" sizes=\"(max-width: 467px) 100vw, 467px\" \/>\t\t\t\t\t\t\t\t\t\t\t\t\t\t\t<\/div>\n\t\t\t\t<\/div>\n\t\t<div class=\"elementor-element elementor-element-027a72e e-con-full e-flex e-con e-child\" data-id=\"027a72e\" data-element_type=\"container\" data-e-type=\"container\">\n\t\t\t\t<div class=\"elementor-element elementor-element-9d43f7a elementor-widget elementor-widget-heading\" data-id=\"9d43f7a\" data-element_type=\"widget\" data-e-type=\"widget\" data-widget_type=\"heading.default\">\n\t\t\t\t\t<h3 class=\"elementor-heading-title elementor-size-default\">Yves Gogniat \u2013 Rechtsanwalt | Gr\u00fcnder<\/h3>\t\t\t\t<\/div>\n\t\t\t\t<div class=\"elementor-element elementor-element-dc339e0 elementor-widget elementor-widget-text-editor\" data-id=\"dc339e0\" data-element_type=\"widget\" data-e-type=\"widget\" data-widget_type=\"text-editor.default\">\n\t\t\t\t\t\t\t\t\t<div><span lang=\"EN-GB\">Yves Gogniat ist in der Schweiz als Rechtsanwalt zugelassen und Gr\u00fcnder von Nomadlaw. Als Schweizer-Thai-Ehepaar leben er und seine Partnerin die grenz\u00fcberschreitenden Lebensrealit\u00e4ten zwischen der Schweiz und Thailand selbst, diese pers\u00f6nliche Erfahrung pr\u00e4gt die gesamte Beratungsphilosophie von Nomadlaw  <\/span><\/div>\t\t\t\t\t\t\t\t<\/div>\n\t\t\t\t<div class=\"elementor-element elementor-element-47e9c6c elementor-widget elementor-widget-text-editor\" data-id=\"47e9c6c\" data-element_type=\"widget\" data-e-type=\"widget\" data-widget_type=\"text-editor.default\">\n\t\t\t\t\t\t\t\t\t<div><span lang=\"EN-GB\">Mit langj\u00e4hriger juristischer Praxis bringt er fundierte Expertise in internationalen Rechtsfragen mit einem besonderen Fokus auf die Schnittstelle Schweiz\u2013Thailand mit. Sein Ansatz: komplexe Sachverhalte verst\u00e4ndlich erkl\u00e4ren, strukturiert bearbeiten und l\u00f6sungsorientiert begleiten \u2013 immer mit dem Ziel, langfristig tragf\u00e4hige Ergebnisse zu erzielen.<\/span><\/div>\t\t\t\t\t\t\t\t<\/div>\n\t\t\t\t<div class=\"elementor-element elementor-element-a189808 elementor-widget elementor-widget-text-editor\" data-id=\"a189808\" data-element_type=\"widget\" data-e-type=\"widget\" data-widget_type=\"text-editor.default\">\n\t\t\t\t\t\t\t\t\t<p>Sein Ansatz: komplexe Sachverhalte verst\u00e4ndlich erkl\u00e4ren, strukturiert bearbeiten und Klienten l\u00f6sungsorientiert begleiten.<\/p>\t\t\t\t\t\t\t\t<\/div>\n\t\t\t\t<div class=\"elementor-element elementor-element-e0e98b8 elementor-widget elementor-widget-text-editor\" data-id=\"e0e98b8\" data-element_type=\"widget\" data-e-type=\"widget\" data-widget_type=\"text-editor.default\">\n\t\t\t\t\t\t\t\t\t<p data-start=\"2568\" data-end=\"2597\"><span style=\"color: #000000;\"><strong><span style=\"color: #ffffff;\">Sprachen:<\/span><\/strong><\/span> Deutsch und Englisch<\/p>\t\t\t\t\t\t\t\t<\/div>\n\t\t\t\t<\/div>\n\t\t\t\t<\/div>\n\t\t<div class=\"elementor-element elementor-element-6d98f67 e-flex e-con-boxed e-con e-parent\" data-id=\"6d98f67\" data-element_type=\"container\" data-e-type=\"container\">\n\t\t\t\t\t<div class=\"e-con-inner\">\n\t\t<div class=\"elementor-element elementor-element-40e85b2 e-con-full e-flex e-con e-child\" data-id=\"40e85b2\" data-element_type=\"container\" data-e-type=\"container\">\n\t\t\t\t<div class=\"elementor-element elementor-element-eb1c729 elementor-widget elementor-widget-heading\" data-id=\"eb1c729\" data-element_type=\"widget\" data-e-type=\"widget\" data-widget_type=\"heading.default\">\n\t\t\t\t\t<h3 class=\"elementor-heading-title elementor-size-default\">Saengrawi Gogniat<\/h3>\t\t\t\t<\/div>\n\t\t\t\t<div class=\"elementor-element elementor-element-569f337 elementor-widget elementor-widget-text-editor\" data-id=\"569f337\" data-element_type=\"widget\" data-e-type=\"widget\" data-widget_type=\"text-editor.default\">\n\t\t\t\t\t\t\t\t\t<p data-start=\"2708\" data-end=\"2747\"><em><strong><span style=\"color: #003087;\">Administration und Projektmanagement<\/span><\/strong><\/em><\/p>\t\t\t\t\t\t\t\t<\/div>\n\t\t\t\t<div class=\"elementor-element elementor-element-b9fa462 elementor-widget elementor-widget-text-editor\" data-id=\"b9fa462\" data-element_type=\"widget\" data-e-type=\"widget\" data-widget_type=\"text-editor.default\">\n\t\t\t\t\t\t\t\t\t<div><span lang=\"EN-GB\">Saengrawi Gogniat ist die organisatorische und kommunikative St\u00fctze von Nomadlaw. Mit ihrer strukturierten Arbeitsweise und Erfahrung in der Koordination komplexer Prozesse sorgt sie f\u00fcr effiziente Abl\u00e4ufe und pers\u00f6nliche Klientenbetreuung. <\/span><\/div>\t\t\t\t\t\t\t\t<\/div>\n\t\t\t\t<div class=\"elementor-element elementor-element-68cf707 elementor-widget elementor-widget-text-editor\" data-id=\"68cf707\" data-element_type=\"widget\" data-e-type=\"widget\" data-widget_type=\"text-editor.default\">\n\t\t\t\t\t\t\t\t\t<div><span lang=\"EN-GB\">Durch ihre fr\u00fchere T\u00e4tigkeit als \u00c4rztin und einen Master in Medizininformatik bringt sie ein starkes Gesp\u00fcr f\u00fcr Pr\u00e4zision und klare Kommunikation mit. Nebenbei organisiert sie \u00fcber VacayMedi medizinische Reisen nach Thailand<\/span><\/div>\t\t\t\t\t\t\t\t<\/div>\n\t\t\t\t<div class=\"elementor-element elementor-element-4042532 elementor-widget elementor-widget-text-editor\" data-id=\"4042532\" data-element_type=\"widget\" data-e-type=\"widget\" data-widget_type=\"text-editor.default\">\n\t\t\t\t\t\t\t\t\t<div><span lang=\"EN-GB\">Bei Nomadlaw \u00fcbernimmt sie die Projektkoordination, die Klientenbetreuung und unterst\u00fctzt aktiv bei Kommunikation und \u00dcbersetzung (Thai \u2194 Deutsch \u2194 Englisch). Auf ihrer Facebook-Seite \u201eGood Life in Swiss\u201c teilt sie regelm\u00e4\u00dfig Einblicke ins Leben in der Schweiz. <\/span><\/div>\t\t\t\t\t\t\t\t<\/div>\n\t\t\t\t<div class=\"elementor-element elementor-element-aa691d0 elementor-widget elementor-widget-text-editor\" data-id=\"aa691d0\" data-element_type=\"widget\" data-e-type=\"widget\" data-widget_type=\"text-editor.default\">\n\t\t\t\t\t\t\t\t\t<p data-start=\"2568\" data-end=\"2597\"><span style=\"color: #000000;\"><strong>Sprachen:<\/strong><\/span> Thai, Englisch, Deutsch<\/p>\t\t\t\t\t\t\t\t<\/div>\n\t\t\t\t<\/div>\n\t\t<div class=\"elementor-element elementor-element-3243237 e-con-full e-flex e-con e-child\" data-id=\"3243237\" data-element_type=\"container\" data-e-type=\"container\">\n\t\t\t\t<div class=\"elementor-element elementor-element-e25e9d7 elementor-widget__width-initial elementor-widget elementor-widget-image\" data-id=\"e25e9d7\" data-element_type=\"widget\" data-e-type=\"widget\" data-widget_type=\"image.default\">\n\t\t\t\t\t\t\t\t\t\t\t\t\t\t\t<img decoding=\"async\" width=\"772\" height=\"1024\" src=\"https:\/\/nomadlaw.ch\/wp-content\/uploads\/2026\/02\/Partner-772x1024.webp\" class=\"attachment-large size-large wp-image-1843\" alt=\"\" srcset=\"https:\/\/nomadlaw.ch\/wp-content\/uploads\/2026\/02\/Partner-772x1024.webp 772w, https:\/\/nomadlaw.ch\/wp-content\/uploads\/2026\/02\/Partner-226x300.webp 226w, https:\/\/nomadlaw.ch\/wp-content\/uploads\/2026\/02\/Partner-768x1019.webp 768w, https:\/\/nomadlaw.ch\/wp-content\/uploads\/2026\/02\/Partner.webp 880w\" sizes=\"(max-width: 772px) 100vw, 772px\" \/>\t\t\t\t\t\t\t\t\t\t\t\t\t\t\t<\/div>\n\t\t\t\t<\/div>\n\t\t\t\t\t<\/div>\n\t\t\t\t<\/div>\n\t\t<div class=\"elementor-element elementor-element-55e1d9b e-flex e-con-boxed e-con e-parent\" data-id=\"55e1d9b\" data-element_type=\"container\" data-e-type=\"container\" data-settings=\"{&quot;background_background&quot;:&quot;classic&quot;}\">\n\t\t\t\t\t<div class=\"e-con-inner\">\n\t\t\t\t<div class=\"elementor-element elementor-element-4595a49 elementor-widget elementor-widget-heading\" data-id=\"4595a49\" data-element_type=\"widget\" data-e-type=\"widget\" data-widget_type=\"heading.default\">\n\t\t\t\t\t<h2 class=\"elementor-heading-title elementor-size-default\">Partner &amp; Netzwerk<\/h2>\t\t\t\t<\/div>\n\t\t\t\t<div class=\"elementor-element elementor-element-eaa9b7a elementor-widget__width-initial elementor-widget-mobile__width-initial elementor-widget elementor-widget-text-editor\" data-id=\"eaa9b7a\" data-element_type=\"widget\" data-e-type=\"widget\" data-widget_type=\"text-editor.default\">\n\t\t\t\t\t\t\t\t\t<p>Um Ihnen eine umfassende und qualitativ hochstehende Betreuung zu bieten, arbeiten wir vertrauensvoll mit ausgew\u00e4hlten Partnerkanzleien, Notaren, Steuerberatern, \u00dcbersetzungsb\u00fcros und weiteren Spezialisten in der Schweiz und in Thailand zusammen.<\/p>\t\t\t\t\t\t\t\t<\/div>\n\t\t<div class=\"elementor-element elementor-element-e81fe0f e-con-full e-flex e-con e-child\" data-id=\"e81fe0f\" data-element_type=\"container\" data-e-type=\"container\">\n\t\t<div class=\"elementor-element elementor-element-4000b8d e-con-full e-flex e-con e-child\" data-id=\"4000b8d\" data-element_type=\"container\" data-e-type=\"container\" data-settings=\"{&quot;background_background&quot;:&quot;classic&quot;}\">\n\t\t\t\t<div class=\"elementor-element elementor-element-493e9c4 elementor-widget elementor-widget-heading\" data-id=\"493e9c4\" data-element_type=\"widget\" data-e-type=\"widget\" data-widget_type=\"heading.default\">\n\t\t\t\t\t<h3 class=\"elementor-heading-title elementor-size-default\">Laux Lawyers (Schweiz)<\/h3>\t\t\t\t<\/div>\n\t\t\t\t<div class=\"elementor-element elementor-element-de4da76 elementor-widget elementor-widget-text-editor\" data-id=\"de4da76\" data-element_type=\"widget\" data-e-type=\"widget\" data-widget_type=\"text-editor.default\">\n\t\t\t\t\t\t\t\t\t<p>Yves Gogniat ist in der Kanzlei als Rechtsanwalt t\u00e4tigt und alle Mandate, die eine beh\u00f6rdliche Vertretung durch einen Anwalt erfordern, werden \u00fcber die Kanzlei abgewickelt.<\/p>\t\t\t\t\t\t\t\t<\/div>\n\t\t\t\t<div class=\"elementor-element elementor-element-af2d8fd elementor-widget elementor-widget-button\" data-id=\"af2d8fd\" data-element_type=\"widget\" data-e-type=\"widget\" data-widget_type=\"button.default\">\n\t\t\t\t\t\t\t\t\t\t<a class=\"elementor-button elementor-button-link elementor-size-sm\" href=\"https:\/\/www.laux-lawyers.ch\">\n\t\t\t\t\t\t<span class=\"elementor-button-content-wrapper\">\n\t\t\t\t\t\t<span class=\"elementor-button-icon\">\n\t\t\t\t<svg aria-hidden=\"true\" class=\"e-font-icon-svg e-fas-angle-right\" viewBox=\"0 0 256 512\" xmlns=\"http:\/\/www.w3.org\/2000\/svg\"><path d=\"M224.3 273l-136 136c-9.4 9.4-24.6 9.4-33.9 0l-22.6-22.6c-9.4-9.4-9.4-24.6 0-33.9l96.4-96.4-96.4-96.4c-9.4-9.4-9.4-24.6 0-33.9L54.3 103c9.4-9.4 24.6-9.4 33.9 0l136 136c9.5 9.4 9.5 24.6.1 34z\"><\/path><\/svg>\t\t\t<\/span>\n\t\t\t\t\t\t\t\t\t<span class=\"elementor-button-text\">Webseite<\/span>\n\t\t\t\t\t<\/span>\n\t\t\t\t\t<\/a>\n\t\t\t\t\t\t\t\t<\/div>\n\t\t\t\t<\/div>\n\t\t<div class=\"elementor-element elementor-element-91eab5f e-con-full e-flex e-con e-child\" data-id=\"91eab5f\" data-element_type=\"container\" data-e-type=\"container\" data-settings=\"{&quot;background_background&quot;:&quot;classic&quot;}\">\n\t\t\t\t<div class=\"elementor-element elementor-element-1d5a421 elementor-widget elementor-widget-heading\" data-id=\"1d5a421\" data-element_type=\"widget\" data-e-type=\"widget\" data-widget_type=\"heading.default\">\n\t\t\t\t\t<h3 class=\"elementor-heading-title elementor-size-default\">Notare<\/h3>\t\t\t\t<\/div>\n\t\t\t\t<div class=\"elementor-element elementor-element-45cbb83 elementor-widget elementor-widget-text-editor\" data-id=\"45cbb83\" data-element_type=\"widget\" data-e-type=\"widget\" data-widget_type=\"text-editor.default\">\n\t\t\t\t\t\t\t\t\t<p>F\u00fcr notarielle Beglaubigungen greifen wir auf unsere Partnerkanzleien im Kanton Zug zur\u00fcck, um entsprechend flexible L\u00f6sungen inkl. fremdsprachige Beglaubigungen bieten zu k\u00f6nnen.<\/p>\t\t\t\t\t\t\t\t<\/div>\n\t\t\t\t<div class=\"elementor-element elementor-element-04659ed elementor-widget elementor-widget-button\" data-id=\"04659ed\" data-element_type=\"widget\" data-e-type=\"widget\" data-widget_type=\"button.default\">\n\t\t\t\t\t\t\t\t\t\t<a class=\"elementor-button elementor-button-link elementor-size-sm\" href=\"#\">\n\t\t\t\t\t\t<span class=\"elementor-button-content-wrapper\">\n\t\t\t\t\t\t<span class=\"elementor-button-icon\">\n\t\t\t\t<svg aria-hidden=\"true\" class=\"e-font-icon-svg e-fas-angle-right\" viewBox=\"0 0 256 512\" xmlns=\"http:\/\/www.w3.org\/2000\/svg\"><path d=\"M224.3 273l-136 136c-9.4 9.4-24.6 9.4-33.9 0l-22.6-22.6c-9.4-9.4-9.4-24.6 0-33.9l96.4-96.4-96.4-96.4c-9.4-9.4-9.4-24.6 0-33.9L54.3 103c9.4-9.4 24.6-9.4 33.9 0l136 136c9.5 9.4 9.5 24.6.1 34z\"><\/path><\/svg>\t\t\t<\/span>\n\t\t\t\t\t\t\t\t\t<span class=\"elementor-button-text\">Webseite<\/span>\n\t\t\t\t\t<\/span>\n\t\t\t\t\t<\/a>\n\t\t\t\t\t\t\t\t<\/div>\n\t\t\t\t<\/div>\n\t\t<div class=\"elementor-element elementor-element-44e18ac e-con-full e-flex e-con e-child\" data-id=\"44e18ac\" data-element_type=\"container\" data-e-type=\"container\" data-settings=\"{&quot;background_background&quot;:&quot;classic&quot;}\">\n\t\t\t\t<div class=\"elementor-element elementor-element-1ad5f25 elementor-widget elementor-widget-heading\" data-id=\"1ad5f25\" data-element_type=\"widget\" data-e-type=\"widget\" data-widget_type=\"heading.default\">\n\t\t\t\t\t<h3 class=\"elementor-heading-title elementor-size-default\">Partnerkanzleien in Thailand<\/h3>\t\t\t\t<\/div>\n\t\t\t\t<div class=\"elementor-element elementor-element-319a4f5 elementor-widget elementor-widget-text-editor\" data-id=\"319a4f5\" data-element_type=\"widget\" data-e-type=\"widget\" data-widget_type=\"text-editor.default\">\n\t\t\t\t\t\t\t\t\t<p>Wir ziehen je nach Fragestellung die passende Kanzlei hinzu. \u00dcber unser Netzwerk haben wir Zugriff auf internationale Grosskanzleien sowie auch kleine Anwaltskanzleien, in denen auch englisch und deutschsprachige Anw\u00e4lte t\u00e4tig sind. <\/p>\t\t\t\t\t\t\t\t<\/div>\n\t\t\t\t<div class=\"elementor-element elementor-element-b5eece3 elementor-widget elementor-widget-button\" data-id=\"b5eece3\" data-element_type=\"widget\" data-e-type=\"widget\" data-widget_type=\"button.default\">\n\t\t\t\t\t\t\t\t\t\t<a class=\"elementor-button elementor-button-link elementor-size-sm\" href=\"#\">\n\t\t\t\t\t\t<span class=\"elementor-button-content-wrapper\">\n\t\t\t\t\t\t<span class=\"elementor-button-icon\">\n\t\t\t\t<svg aria-hidden=\"true\" class=\"e-font-icon-svg e-fas-angle-right\" viewBox=\"0 0 256 512\" xmlns=\"http:\/\/www.w3.org\/2000\/svg\"><path d=\"M224.3 273l-136 136c-9.4 9.4-24.6 9.4-33.9 0l-22.6-22.6c-9.4-9.4-9.4-24.6 0-33.9l96.4-96.4-96.4-96.4c-9.4-9.4-9.4-24.6 0-33.9L54.3 103c9.4-9.4 24.6-9.4 33.9 0l136 136c9.5 9.4 9.5 24.6.1 34z\"><\/path><\/svg>\t\t\t<\/span>\n\t\t\t\t\t\t\t\t\t<span class=\"elementor-button-text\">Webseite<\/span>\n\t\t\t\t\t<\/span>\n\t\t\t\t\t<\/a>\n\t\t\t\t\t\t\t\t<\/div>\n\t\t\t\t<\/div>\n\t\t\t\t<\/div>\n\t\t\t\t\t<\/div>\n\t\t\t\t<\/div>\n\t\t\t\t<\/div>\n\t\t","protected":false},"excerpt":{"rendered":"<p>\u00dcber uns Wir sind ein schweizerisch-thail\u00e4ndisches Ehepaar und stehen hinter Nomadlaw. Viele der Herausforderungen, rechtlichen Fragen und allt\u00e4glichen H\u00fcrden, die unsere Klienten an uns herantragen, sind uns aus eigener Erfahrung bestens vertraut. Gerade diese pers\u00f6nliche Erfahrung hat uns motiviert, Nomadlaw zu gr\u00fcnden und die thail\u00e4ndische Gemeinschaft in der Schweiz sowie Schweizer in Thailand zu unterst\u00fctzen. [&hellip;]<\/p>\n","protected":false},"author":1,"featured_media":0,"parent":0,"menu_order":0,"comment_status":"closed","ping_status":"closed","template":"","meta":{"footnotes":""},"class_list":["post-1839","page","type-page","status-publish","hentry"],"_links":{"self":[{"href":"https:\/\/nomadlaw.ch\/de\/wp-json\/wp\/v2\/pages\/1839","targetHints":{"allow":["GET"]}}],"collection":[{"href":"https:\/\/nomadlaw.ch\/de\/wp-json\/wp\/v2\/pages"}],"about":[{"href":"https:\/\/nomadlaw.ch\/de\/wp-json\/wp\/v2\/types\/page"}],"author":[{"embeddable":true,"href":"https:\/\/nomadlaw.ch\/de\/wp-json\/wp\/v2\/users\/1"}],"replies":[{"embeddable":true,"href":"https:\/\/nomadlaw.ch\/de\/wp-json\/wp\/v2\/comments?post=1839"}],"version-history":[{"count":6,"href":"https:\/\/nomadlaw.ch\/de\/wp-json\/wp\/v2\/pages\/1839\/revisions"}],"predecessor-version":[{"id":2207,"href":"https:\/\/nomadlaw.ch\/de\/wp-json\/wp\/v2\/pages\/1839\/revisions\/2207"}],"wp:attachment":[{"href":"https:\/\/nomadlaw.ch\/de\/wp-json\/wp\/v2\/media?parent=1839"}],"curies":[{"name":"wp","href":"https:\/\/api.w.org\/{rel}","templated":true}]}}