{"id":1873,"date":"2026-02-15T09:35:38","date_gmt":"2026-02-15T09:35:38","guid":{"rendered":"https:\/\/nomadlaw.ch\/datenschutzerklaerung\/"},"modified":"2026-03-11T18:35:55","modified_gmt":"2026-03-11T18:35:55","slug":"datenschutzerklaerung","status":"publish","type":"page","link":"https:\/\/nomadlaw.ch\/de\/datenschutzerklaerung\/","title":{"rendered":"Datenschutzhinweis"},"content":{"rendered":"\t\t<div data-elementor-type=\"wp-page\" data-elementor-id=\"1873\" class=\"elementor elementor-1873 elementor-603\" data-elementor-post-type=\"page\">\n\t\t\t\t<div class=\"elementor-element elementor-element-621a491 e-flex e-con-boxed e-con e-parent\" data-id=\"621a491\" data-element_type=\"container\" data-e-type=\"container\" data-settings=\"{&quot;background_background&quot;:&quot;classic&quot;}\">\n\t\t\t\t\t<div class=\"e-con-inner\">\n\t\t\t\t<div class=\"elementor-element elementor-element-5f656a8 elementor-widget-mobile__width-initial elementor-widget elementor-widget-heading\" data-id=\"5f656a8\" data-element_type=\"widget\" data-e-type=\"widget\" data-widget_type=\"heading.default\">\n\t\t\t\t\t<h1 class=\"elementor-heading-title elementor-size-default\">DATENSCHUTZHINWEIS \u2013 Nomadlaw<\/h1>\t\t\t\t<\/div>\n\t\t\t\t<div class=\"elementor-element elementor-element-f21a485 elementor-icon-list--layout-inline elementor-align-center elementor-list-item-link-full_width elementor-widget elementor-widget-icon-list\" data-id=\"f21a485\" data-element_type=\"widget\" data-e-type=\"widget\" data-widget_type=\"icon-list.default\">\n\t\t\t\t\t\t\t<ul class=\"elementor-icon-list-items elementor-inline-items\">\n\t\t\t\t\t\t\t<li class=\"elementor-icon-list-item elementor-inline-item\">\n\t\t\t\t\t\t\t\t\t\t\t<a href=\"https:\/\/nomadlaw.ch\/home\/\">\n\n\t\t\t\t\t\t\t\t\t\t\t<span class=\"elementor-icon-list-text\">Startseite<\/span>\n\t\t\t\t\t\t\t\t\t\t\t<\/a>\n\t\t\t\t\t\t\t\t\t<\/li>\n\t\t\t\t\t\t\t\t<li class=\"elementor-icon-list-item elementor-inline-item\">\n\t\t\t\t\t\t\t\t\t\t\t<span class=\"elementor-icon-list-icon\">\n\t\t\t\t\t\t\t<svg aria-hidden=\"true\" class=\"e-font-icon-svg e-fas-caret-right\" viewBox=\"0 0 192 512\" xmlns=\"http:\/\/www.w3.org\/2000\/svg\"><path d=\"M0 384.662V127.338c0-17.818 21.543-26.741 34.142-14.142l128.662 128.662c7.81 7.81 7.81 20.474 0 28.284L34.142 398.804C21.543 411.404 0 402.48 0 384.662z\"><\/path><\/svg>\t\t\t\t\t\t<\/span>\n\t\t\t\t\t\t\t\t\t\t<span class=\"elementor-icon-list-text\">Allgemeine Gesch\u00e4ftsbedingungen<\/span>\n\t\t\t\t\t\t\t\t\t<\/li>\n\t\t\t\t\t\t<\/ul>\n\t\t\t\t\t\t<\/div>\n\t\t\t\t\t<\/div>\n\t\t\t\t<\/div>\n\t\t<div class=\"elementor-element elementor-element-c5da438 e-flex e-con-boxed e-con e-parent\" data-id=\"c5da438\" data-element_type=\"container\" data-e-type=\"container\">\n\t\t\t\t\t<div class=\"e-con-inner\">\n\t\t\t\t<div class=\"elementor-element elementor-element-a44bec7 elementor-widget elementor-widget-heading\" data-id=\"a44bec7\" data-element_type=\"widget\" data-e-type=\"widget\" data-widget_type=\"heading.default\">\n\t\t\t\t\t<h2 class=\"elementor-heading-title elementor-size-default\">WIR SIND NOMADLAW GMBH <\/h2>\t\t\t\t<\/div>\n\t\t\t\t<div class=\"elementor-element elementor-element-79e9303 elementor-widget elementor-widget-text-editor\" data-id=\"79e9303\" data-element_type=\"widget\" data-e-type=\"widget\" data-widget_type=\"text-editor.default\">\n\t\t\t\t\t\t\t\t\tWir sind spezialisiert auf Beratungs- und Rechtsdienstleistungen und verantwortlich f\u00fcr die in dieser Datenschutzerkl\u00e4rung beschriebenen Datenbearbeitungen.<br>Wir beraten unsere Klientinnen beruflich dabei, rechtliche Herausforderungen in internationalen und nationalen Kontexten zu meistern. \n\t\t\t\t\t\t\t\t<\/div>\n\t\t\t\t<div class=\"elementor-element elementor-element-ada9678 elementor-widget elementor-widget-text-editor\" data-id=\"ada9678\" data-element_type=\"widget\" data-e-type=\"widget\" data-widget_type=\"text-editor.default\">\n\t\t\t\t\t\t\t\t\tIn diesem Datenschutzhinweis informieren wir Sie dar\u00fcber, wie wir Personendaten (Daten, die Sie direkt oder indirekt identifizieren) erheben und bearbeiten. \n\t\t\t\t\t\t\t\t<\/div>\n\t\t\t\t<div class=\"elementor-element elementor-element-ed45935 elementor-widget elementor-widget-text-editor\" data-id=\"ed45935\" data-element_type=\"widget\" data-e-type=\"widget\" data-widget_type=\"text-editor.default\">\n\t\t\t\t\t\t\t\t\t<p>Wir bearbeiten Ihre Personendaten verantwortungsvoll, in \u00dcbereinstimmung mit anwendbaren gesetzlichen Bestimmungen und gem\u00e4ss dieser Datenschutzerkl\u00e4rung. Dabei halten wir uns an die Anforderungen des Schweizerischen Bundesgesetzes \u00fcber den Datenschutz (DSG). <\/p>\t\t\t\t\t\t\t\t<\/div>\n\t\t\t\t<div class=\"elementor-element elementor-element-0a0253a elementor-widget elementor-widget-heading\" data-id=\"0a0253a\" data-element_type=\"widget\" data-e-type=\"widget\" data-widget_type=\"heading.default\">\n\t\t\t\t\t<h3 class=\"elementor-heading-title elementor-size-default\">EU-DSGVO \u2013 nur zur Orientierung.\n<\/h3>\t\t\t\t<\/div>\n\t\t\t\t<div class=\"elementor-element elementor-element-69c6843 elementor-widget elementor-widget-text-editor\" data-id=\"69c6843\" data-element_type=\"widget\" data-e-type=\"widget\" data-widget_type=\"text-editor.default\">\n\t\t\t\t\t\t\t\t\tWir verstehen Datenschutz als Vertrauenssache und anerkennen Ihre Erwartung an den Privatsph\u00e4renschutz. Die EU anerkennt das Schweizer Datenschutzrecht als angemessen und unser Verst\u00e4ndnis der Vorgaben des Schweizer DSG orientiert sich am Standard der EU-DSGVO. Dennoch: unsere Bearbeitungst\u00e4tigkeiten unterliegen ausschliesslich dem Schweizer DSG.  \n\t\t\t\t\t\t\t\t<\/div>\n\t\t\t\t<div class=\"elementor-element elementor-element-cd9f115 elementor-widget elementor-widget-heading\" data-id=\"cd9f115\" data-element_type=\"widget\" data-e-type=\"widget\" data-widget_type=\"heading.default\">\n\t\t\t\t\t<h3 class=\"elementor-heading-title elementor-size-default\">Warum nicht die EU-DSGVO?\n<\/h3>\t\t\t\t<\/div>\n\t\t\t\t<div class=\"elementor-element elementor-element-5697d1e elementor-widget elementor-widget-text-editor\" data-id=\"5697d1e\" data-element_type=\"widget\" data-e-type=\"widget\" data-widget_type=\"text-editor.default\">\n\t\t\t\t\t\t\t\t\t<p>Wir verzichten darauf, das Verhalten betroffener Personen in der EU\/im EWR in einer Form zu beobachten, welche die Anwendung der EU-DSGVO nahelegen w\u00fcrde. Unser Angebot an Beratungs- und Rechtsdienstleistungen richtet sich an national oder international, europ\u00e4isch oder weltweit, t\u00e4tige Unternehmen, deren T\u00e4tigwerden auf dem Schweizer Markt wir unterst\u00fctzen d\u00fcrfen. Hingegen richten wir unser Angebot nicht auf Privatklienten oder speziell auf den EU-Endkundenmarkt aus.  <\/p>\t\t\t\t\t\t\t\t<\/div>\n\t\t\t\t<div class=\"elementor-element elementor-element-de8cdc8 elementor-widget elementor-widget-heading\" data-id=\"de8cdc8\" data-element_type=\"widget\" data-e-type=\"widget\" data-widget_type=\"heading.default\">\n\t\t\t\t\t<h3 class=\"elementor-heading-title elementor-size-default\">ALLGEMEINE PERSONENDATEN\n<\/h3>\t\t\t\t<\/div>\n\t\t\t\t<div class=\"elementor-element elementor-element-e01a00d elementor-widget elementor-widget-text-editor\" data-id=\"e01a00d\" data-element_type=\"widget\" data-e-type=\"widget\" data-widget_type=\"text-editor.default\">\n\t\t\t\t\t\t\t\t\t<p>Wir bearbeiten allgemeine Personendaten \u00fcber Sie, z.B. Name und Kontaktdaten.<\/p>\t\t\t\t\t\t\t\t<\/div>\n\t\t\t\t<div class=\"elementor-element elementor-element-b9ac110 elementor-widget elementor-widget-heading\" data-id=\"b9ac110\" data-element_type=\"widget\" data-e-type=\"widget\" data-widget_type=\"heading.default\">\n\t\t\t\t\t<h3 class=\"elementor-heading-title elementor-size-default\">\u00dcBERLASSENE DATEN\n<\/h3>\t\t\t\t<\/div>\n\t\t\t\t<div class=\"elementor-element elementor-element-6dc06e6 elementor-widget elementor-widget-text-editor\" data-id=\"6dc06e6\" data-element_type=\"widget\" data-e-type=\"widget\" data-widget_type=\"text-editor.default\">\n\t\t\t\t\t\t\t\t\t<p>Wir bearbeiten Personendaten, die Sie uns zur Verf\u00fcgung stellen.<br>Wenn Sie uns \u00fcber E-Mail oder per Telefon kontaktieren und unsere Dienstleistungen nachfragen oder sich bei uns bewerben, erheben wir die von Ihnen an uns \u00fcbermittelten Informationen.<br>Dazu geh\u00f6ren regelm\u00e4ssig Personendaten, wie z.B. Vorname, Name, E-Mail-Adresse und Telefonnummer und Informationen \u00fcber Ihre Rolle bei der Organisation\/Unternehmen, f\u00fcr die Sie t\u00e4tig sind oder in deren Namen Sie uns kontaktieren. Wenn Sie sich bei uns auf eine Stelle bewerben, erfassen wir Ihren Lebenslauf und weitere Angaben zu Ihren Qualifikationen, die Sie als Teil Ihres Bewerbungsdossiers an uns \u00fcbermitteln. <\/p>\t\t\t\t\t\t\t\t<\/div>\n\t\t\t\t<div class=\"elementor-element elementor-element-412c6f7 elementor-widget elementor-widget-heading\" data-id=\"412c6f7\" data-element_type=\"widget\" data-e-type=\"widget\" data-widget_type=\"heading.default\">\n\t\t\t\t\t<h3 class=\"elementor-heading-title elementor-size-default\">ERHALTENE DATEN\n<\/h3>\t\t\t\t<\/div>\n\t\t\t\t<div class=\"elementor-element elementor-element-569e8ab elementor-widget elementor-widget-text-editor\" data-id=\"569e8ab\" data-element_type=\"widget\" data-e-type=\"widget\" data-widget_type=\"text-editor.default\">\n\t\t\t\t\t\t\t\t\tWir bearbeiten Personendaten \u00fcber Sie, die wir von Dritten erhalten.<br>Wenn wir unsere Klientinnen beraten oder vor Gericht oder Beh\u00f6rden vertreten, erhalten wir Informationen von Klientinnen, Gegenparteien und deren Rechtsvertreterinnen, Gesch\u00e4ftspartnern oder von Gerichten und Beh\u00f6rden.<br>Dies betrifft regelm\u00e4ssig Personendaten, die wir in der Korrespondenz oder in Besprechungen mit diesen Dritten erhalten, z.B. Ihr Name und Vorname sowie Angaben zu Ihrer T\u00e4tigkeit als Mitarbeiterin bei der betreffenden Klientin, Beh\u00f6rde oder des betreffenden Gesch\u00e4ftspartners.\n\t\t\t\t\t\t\t\t<\/div>\n\t\t\t\t<div class=\"elementor-element elementor-element-6d614f9 elementor-widget elementor-widget-heading\" data-id=\"6d614f9\" data-element_type=\"widget\" data-e-type=\"widget\" data-widget_type=\"heading.default\">\n\t\t\t\t\t<h3 class=\"elementor-heading-title elementor-size-default\">ERHOBENE DATEN\n<\/h3>\t\t\t\t<\/div>\n\t\t\t\t<div class=\"elementor-element elementor-element-e2503e2 elementor-widget elementor-widget-text-editor\" data-id=\"e2503e2\" data-element_type=\"widget\" data-e-type=\"widget\" data-widget_type=\"text-editor.default\">\n\t\t\t\t\t\t\t\t\tWir bearbeiten Personendaten, die wir \u00fcber Sie erheben.<br>Zur Erreichung der in dieser Datenschutzerkl\u00e4rung beschriebenen Zwecke kann es notwendig sein, dass wir Informationen \u00fcber Sie aus \u00f6ffentlich zug\u00e4nglichen Registern (z.B. Handelsregister), Websites oder Plattformen erheben (z.B. um Ihre Unterschriftsberechtigung zu verifizieren) oder Ausk\u00fcnfte bei Ihrer Organisation \/ Ihrem Unternehmen oder bei anderen Organisationen oder Unternehmen \u00fcber Sie einholen (z.B. zu Referenzzwecken im Bewerbungsprozess, wenn Sie dem zustimmen).<br>Dazu geh\u00f6ren regelm\u00e4ssig Personendaten, die Sie \u00f6ffentlich zug\u00e4nglich gemacht haben oder die wir in der Korrespondenz oder in Besprechungen mit den betreffenden Organisationen erhalten, z.B. Ihr Name und Vorname sowie Angaben zu Ihrer T\u00e4tigkeit als Mitarbeiterin bei der angefragten Organisation.\n\t\t\t\t\t\t\t\t<\/div>\n\t\t\t\t<div class=\"elementor-element elementor-element-8c0d268 elementor-widget elementor-widget-heading\" data-id=\"8c0d268\" data-element_type=\"widget\" data-e-type=\"widget\" data-widget_type=\"heading.default\">\n\t\t\t\t\t<h3 class=\"elementor-heading-title elementor-size-default\">BEREITSTELLUNG UND NUTZUNG DER WEBSITE\n<\/h3>\t\t\t\t<\/div>\n\t\t\t\t<div class=\"elementor-element elementor-element-be55c19 elementor-widget elementor-widget-text-editor\" data-id=\"be55c19\" data-element_type=\"widget\" data-e-type=\"widget\" data-widget_type=\"text-editor.default\">\n\t\t\t\t\t\t\t\t\t<p>Wir haben unsere Website so gestaltet, dass wir keine Personendaten \u00fcber Sie bearbeiten m\u00fcssen, um Ihnen die Website bereitzustellen und deren Nutzung zu analysieren.<\/p><p>Sie k\u00f6nnen sich auf der Website \u00fcber Nomadlaw GmbH und unsere Beratungs- und Rechtsdienstleistungen informieren, ohne uns mitzuteilen, wer Sie sind. Wie bei jeder Verbindung mit einem Webserver, protokolliert und speichert der Server, auf dem wir die Website bereitstellen lassen, automatisch gewisse technische Daten. Dazu geh\u00f6ren die IP-Adresse, das Datum und der Zeitpunkt des Aufrufes sowie weitere Informationen, die Ihr Browser beim Aufruf einer Webseite mitsendet (z.B. Browsername und Version, Betriebssystem, bevorzugte Sprache).  <\/p>\t\t\t\t\t\t\t\t<\/div>\n\t\t\t\t<div class=\"elementor-element elementor-element-ef3ff73 elementor-widget elementor-widget-heading\" data-id=\"ef3ff73\" data-element_type=\"widget\" data-e-type=\"widget\" data-widget_type=\"heading.default\">\n\t\t\t\t\t<h3 class=\"elementor-heading-title elementor-size-default\">Privatsph\u00e4renfreundliche Webanalyse\n<\/h3>\t\t\t\t<\/div>\n\t\t\t\t<div class=\"elementor-element elementor-element-9d7f1e1 elementor-widget elementor-widget-text-editor\" data-id=\"9d7f1e1\" data-element_type=\"widget\" data-e-type=\"widget\" data-widget_type=\"text-editor.default\">\n\t\t\t\t\t\t\t\t\t<p>Wir verwenden die Analytics via WordPress und allenfalls weiteren Tools, in anonymisierter Form. Cookies setzen wir hierf\u00fcr keine ein. Wir bearbeiten bei dieser Datenanalyse somit keinerlei Personendaten. Selbst diese Nutzungsdaten ohne Personenbezug l\u00f6schen wir regelm\u00e4ssig.   <\/p>\t\t\t\t\t\t\t\t<\/div>\n\t\t\t\t<div class=\"elementor-element elementor-element-3920617 elementor-widget elementor-widget-heading\" data-id=\"3920617\" data-element_type=\"widget\" data-e-type=\"widget\" data-widget_type=\"heading.default\">\n\t\t\t\t\t<h3 class=\"elementor-heading-title elementor-size-default\">BEARBEITUNG ZUM ZWECK DER DIENSTLEISTUNG\n<\/h3>\t\t\t\t<\/div>\n\t\t\t\t<div class=\"elementor-element elementor-element-4586f73 elementor-widget elementor-widget-text-editor\" data-id=\"4586f73\" data-element_type=\"widget\" data-e-type=\"widget\" data-widget_type=\"text-editor.default\">\n\t\t\t\t\t\t\t\t\t<p>Ihre Personendaten erheben und bearbeiten wir prim\u00e4r, um unsere Beratungs- und Rechtsdienstleistungen fachgerecht und entsprechend unserer vertraglichen und gesetzlichen Pflichten zu erbringen, zu dokumentieren und abzurechnen.<\/p><p>Zudem bearbeiten wir Ihre Personendaten zu folgenden weiteren Zwecken:<\/p><ul><li>Verwaltung von Benutzern und Erm\u00f6glichung der Bereitstellung unserer digitalen Produkte<\/li><li>Bereitstellung und Optimierung der Website<\/li><li>Beantwortung Ihrer Anfragen und Kommunikation mit Ihnen<\/li><li>Bearbeitung von Stellenbewerbungen<\/li><li>Information \u00fcber neue Dienstleistungen und Entwicklungen bei der Nomadlaw GmbH (wobei Sie uns jederzeit mitteilen k\u00f6nnen, dass Sie solche Informationen in Zukunft nicht mehr erhalten m\u00f6chten)<\/li><li>Einhaltung gesetzlicher Pflichten und Durchsetzung rechtlicher Anspr\u00fcche.<\/li><\/ul><p>Wir brauchen als privater Verantwortlicher gem\u00e4ss Schweizer DSG keine Rechtsgrundlage f\u00fcr die rechtm\u00e4ssige Datenbearbeitung, im Gegensatz dazu, was die EU-DSGVO verlangen w\u00fcrde. F\u00fcr den Fall aber, dass Sie einer bestimmten Datenbearbeitung widersprechen m\u00f6chten, nennen wir gerne bereits hier den guten Grund f\u00fcr die Bearbeitung: Wir, unsere Klientinnen oder andere Dritte haben ein den genannten Zwecken entsprechendes berechtigtes Interesse an den hier beschriebenen Datenbearbeitungen. Einige Bearbeitungen sind zudem notwendig, damit wir unsere gesetzlichen und regulatorischen Pflichten (z.B. Aufbewahrungspflichten) erf\u00fcllen k\u00f6nnen.  <\/p>\t\t\t\t\t\t\t\t<\/div>\n\t\t\t\t<div class=\"elementor-element elementor-element-4a3aaa6 elementor-widget elementor-widget-heading\" data-id=\"4a3aaa6\" data-element_type=\"widget\" data-e-type=\"widget\" data-widget_type=\"heading.default\">\n\t\t\t\t\t<h3 class=\"elementor-heading-title elementor-size-default\">DATENSPEICHERUNG UND SICHERHEIT IN DER CLOUD \n<\/h3>\t\t\t\t<\/div>\n\t\t\t\t<div class=\"elementor-element elementor-element-9b76bc7 elementor-widget elementor-widget-heading\" data-id=\"9b76bc7\" data-element_type=\"widget\" data-e-type=\"widget\" data-widget_type=\"heading.default\">\n\t\t\t\t\t<h4 class=\"elementor-heading-title elementor-size-default\">Dauer der Speicherung\n<\/h4>\t\t\t\t<\/div>\n\t\t\t\t<div class=\"elementor-element elementor-element-94bc079 elementor-widget elementor-widget-text-editor\" data-id=\"94bc079\" data-element_type=\"widget\" data-e-type=\"widget\" data-widget_type=\"text-editor.default\">\n\t\t\t\t\t\t\t\t\t<p>Wir speichern Ihre Personendaten nur in dem Umfang und so lange, wie dies f\u00fcr die Erbringung unserer Beratungs- und Rechtsdienstleistungen, die Erf\u00fcllung gesetzlicher Pflichten (insbes. Aufbewahrungspflichten) oder der weiteren in dieser Datenschutzerkl\u00e4rung beschriebenen Zwecke notwendig ist.<\/p>\t\t\t\t\t\t\t\t<\/div>\n\t\t\t\t<div class=\"elementor-element elementor-element-d2c4f9b elementor-widget elementor-widget-heading\" data-id=\"d2c4f9b\" data-element_type=\"widget\" data-e-type=\"widget\" data-widget_type=\"heading.default\">\n\t\t\t\t\t<h4 class=\"elementor-heading-title elementor-size-default\">Datensicherheit\n<\/h4>\t\t\t\t<\/div>\n\t\t\t\t<div class=\"elementor-element elementor-element-5e2fe29 elementor-widget elementor-widget-text-editor\" data-id=\"5e2fe29\" data-element_type=\"widget\" data-e-type=\"widget\" data-widget_type=\"text-editor.default\">\n\t\t\t\t\t\t\t\t\t<p>Wir setzen f\u00fcr unsere Bed\u00fcrfnisse umfassend Cloud Software-L\u00f6sungen aus der Schweiz und aus dem Ausland ein. Dabei sind wir bestrebt, sicherzustellen, dass Daten, die Sie uns anvertrauen, ordnungsgem\u00e4ss verwendet und vor unbefugtem Zugriff oder unbefugter Verwendung oder Offenlegung gesch\u00fctzt sind. F\u00fcr uns als Berater und Rechtsanw\u00e4lte \u00fcbrigens eine Selbstverst\u00e4ndlichkeit. Wir verwenden dazu eine Kombination aus Prozess-, Technologie- und physischen Sicherheitskontrollen.   <\/p><p>Wenn es Sie interessiert, wie wir dies bewerkstelligen, melden Sie sich doch, gerne erz\u00e4hlen wir Ihnen mehr dazu! Es geh\u00f6rt zu unserer beruflichen Expertise als Berater und Rechtsanw\u00e4lte, dass wir bei den konkreten Massnahmen einsteigen und auf diese den Fokus legen. Sicherheit f\u00fcr Daten geschieht durch Wissen um und Einsatz von Technik, sowie durch die Etablierung von Organisationsstrukturen, welche die Chancen und Risiken im Umgang mit Daten zum Thema machen.  <\/p>\t\t\t\t\t\t\t\t<\/div>\n\t\t\t\t<div class=\"elementor-element elementor-element-8c98211 elementor-widget elementor-widget-heading\" data-id=\"8c98211\" data-element_type=\"widget\" data-e-type=\"widget\" data-widget_type=\"heading.default\">\n\t\t\t\t\t<h3 class=\"elementor-heading-title elementor-size-default\">DATENWEITERGABE\n<\/h3>\t\t\t\t<\/div>\n\t\t\t\t<div class=\"elementor-element elementor-element-13da7a7 elementor-widget elementor-widget-text-editor\" data-id=\"13da7a7\" data-element_type=\"widget\" data-e-type=\"widget\" data-widget_type=\"text-editor.default\">\n\t\t\t\t\t\t\t\t\t<p>Wir geben Ihre Personendaten an andere Unternehmen weiter, die selber entscheiden k\u00f6nnen, wie sie die Daten nutzen.<\/p><p>Zur Erreichung der in dieser Datenschutzerkl\u00e4rung beschriebenen Zwecke kann es notwendig sein, dass wir Ihre Personendaten an folgende Kategorien von Empf\u00e4ngern weitergeben: Externe Dienstleister, Klientinnen, Gegenparteien und ihre Rechtsvertreterinnen, Gesch\u00e4ftspartner, mit denen wir die Dienstleistungserbringung allenfalls koordinieren m\u00fcssen, sowie Beh\u00f6rden und Gerichte.<\/p><p>In unserem Verantwortungsbereich bearbeiten wir Ihre Personendaten nur in der Schweiz und in der EU (siehe nachstehend). Wir k\u00f6nnen Ihre Personendaten aber an Empf\u00e4nger (namentlich Klientinnen, Gegenparteien oder Beh\u00f6rden) \u00fcbermitteln, die ihrerseits die Personendaten in anderen L\u00e4ndern bearbeiten, einschliesslich solcher, die kein mit Schweizer Recht vergleichbares Datenschutzniveau gew\u00e4hrleisten. Dies werden wir tun, wenn es zur Erf\u00fcllung eines Vertrags oder zur Durchsetzung von Rechtsanspr\u00fcchen notwendig ist.  <\/p>\t\t\t\t\t\t\t\t<\/div>\n\t\t\t\t<div class=\"elementor-element elementor-element-7741151 elementor-widget elementor-widget-heading\" data-id=\"7741151\" data-element_type=\"widget\" data-e-type=\"widget\" data-widget_type=\"heading.default\">\n\t\t\t\t\t<h3 class=\"elementor-heading-title elementor-size-default\">EUROPA\n<\/h3>\t\t\t\t<\/div>\n\t\t\t\t<div class=\"elementor-element elementor-element-bfaf629 elementor-widget elementor-widget-text-editor\" data-id=\"bfaf629\" data-element_type=\"widget\" data-e-type=\"widget\" data-widget_type=\"text-editor.default\">\n\t\t\t\t\t\t\t\t\t<p>Wir bearbeiten Ihre Personendaten nur in der Schweiz und der EU.<\/p><p><span style=\"color: #333333;\"><strong>I<\/strong><strong>hre Rechte und wie Sie uns kontaktieren k\u00f6nnen<\/strong><\/span><\/p><p>Sie haben die folgenden Rechte in Bezug auf Ihre Personendaten:<\/p><ul><li>das Recht, Auskunft dar\u00fcber zu erhalten, welche Personendaten wir \u00fcber Sie speichern und wie wir diese bearbeiten<\/li><li>das Recht, eine Kopie Ihrer Personendaten in einem g\u00e4ngigen Format zu erhalten oder diese Kopie \u00fcbertragen zu lassen<\/li><li>das Recht, Ihre Personendaten berichtigen zu lassen<\/li><li>das Recht, Ihre Personendaten l\u00f6schen zu lassen<\/li><li>das Recht, der Verarbeitung Ihrer Personendaten zu widersprechen<\/li><\/ul><p>Bitte beachten Sie, dass diese Rechte Bedingungen oder Ausnahmen unterliegen. Soweit gesetzlich zul\u00e4ssig, k\u00f6nnen wir Ihrem Antrag auf Aus\u00fcbung dieser Rechte ablehnen. <\/p><p>Sie haben ferner das Recht, eine Beschwerde beim Eidgen\u00f6ssischen Datenschutz- und \u00d6ffentlichkeitsbeauftragten (ED\u00d6B) einzureichen.<\/p>\t\t\t\t\t\t\t\t<\/div>\n\t\t\t\t<div class=\"elementor-element elementor-element-97ff13c elementor-widget elementor-widget-heading\" data-id=\"97ff13c\" data-element_type=\"widget\" data-e-type=\"widget\" data-widget_type=\"heading.default\">\n\t\t\t\t\t<h3 class=\"elementor-heading-title elementor-size-default\">Kontakt\n<\/h3>\t\t\t\t<\/div>\n\t\t\t\t<div class=\"elementor-element elementor-element-43c670d elementor-widget elementor-widget-text-editor\" data-id=\"43c670d\" data-element_type=\"widget\" data-e-type=\"widget\" data-widget_type=\"text-editor.default\">\n\t\t\t\t\t\t\t\t\t<p>Bei Fragen oder wenn Sie Ihre datenschutzrechtlichen Betroffenenrechte wahrnehmen m\u00f6chten, kontaktieren Sie uns bitte \u00fcber info@nomadlaw.ch oder schreiben Sie an Nomadlaw GmbH, Bergstrasse 49, CH-8704 Herrliberg.<\/p>\t\t\t\t\t\t\t\t<\/div>\n\t\t\t\t\t<\/div>\n\t\t\t\t<\/div>\n\t\t\t\t<\/div>\n\t\t","protected":false},"excerpt":{"rendered":"<p>DATENSCHUTZHINWEIS \u2013 Nomadlaw Startseite Allgemeine Gesch\u00e4ftsbedingungen WIR SIND NOMADLAW GMBH Wir sind spezialisiert auf Beratungs- und Rechtsdienstleistungen und verantwortlich f\u00fcr die in dieser Datenschutzerkl\u00e4rung beschriebenen Datenbearbeitungen.Wir beraten unsere Klientinnen beruflich dabei, rechtliche Herausforderungen in internationalen und nationalen Kontexten zu meistern. In diesem Datenschutzhinweis informieren wir Sie dar\u00fcber, wie wir Personendaten (Daten, die Sie direkt oder [&hellip;]<\/p>\n","protected":false},"author":1,"featured_media":0,"parent":0,"menu_order":0,"comment_status":"closed","ping_status":"closed","template":"","meta":{"footnotes":""},"class_list":["post-1873","page","type-page","status-publish","hentry"],"_links":{"self":[{"href":"https:\/\/nomadlaw.ch\/de\/wp-json\/wp\/v2\/pages\/1873","targetHints":{"allow":["GET"]}}],"collection":[{"href":"https:\/\/nomadlaw.ch\/de\/wp-json\/wp\/v2\/pages"}],"about":[{"href":"https:\/\/nomadlaw.ch\/de\/wp-json\/wp\/v2\/types\/page"}],"author":[{"embeddable":true,"href":"https:\/\/nomadlaw.ch\/de\/wp-json\/wp\/v2\/users\/1"}],"replies":[{"embeddable":true,"href":"https:\/\/nomadlaw.ch\/de\/wp-json\/wp\/v2\/comments?post=1873"}],"version-history":[{"count":15,"href":"https:\/\/nomadlaw.ch\/de\/wp-json\/wp\/v2\/pages\/1873\/revisions"}],"predecessor-version":[{"id":2171,"href":"https:\/\/nomadlaw.ch\/de\/wp-json\/wp\/v2\/pages\/1873\/revisions\/2171"}],"wp:attachment":[{"href":"https:\/\/nomadlaw.ch\/de\/wp-json\/wp\/v2\/media?parent=1873"}],"curies":[{"name":"wp","href":"https:\/\/api.w.org\/{rel}","templated":true}]}}