{"id":1988,"date":"2026-02-15T08:55:35","date_gmt":"2026-02-15T08:55:35","guid":{"rendered":"https:\/\/nomadlaw.ch\/gebuehren-2\/"},"modified":"2026-03-11T18:36:06","modified_gmt":"2026-03-11T18:36:06","slug":"gebuehren-2","status":"publish","type":"page","link":"https:\/\/nomadlaw.ch\/de\/gebuehren-2\/","title":{"rendered":"Honorar"},"content":{"rendered":"\t\t<div data-elementor-type=\"wp-page\" data-elementor-id=\"1988\" class=\"elementor elementor-1988 elementor-581\" data-elementor-post-type=\"page\">\n\t\t\t\t<div class=\"elementor-element elementor-element-f9b4c58 e-flex e-con-boxed e-con e-parent\" data-id=\"f9b4c58\" data-element_type=\"container\" data-e-type=\"container\" data-settings=\"{&quot;background_background&quot;:&quot;classic&quot;}\">\n\t\t\t\t\t<div class=\"e-con-inner\">\n\t\t\t\t<div class=\"elementor-element elementor-element-c6e3cb6 elementor-widget elementor-widget-heading\" data-id=\"c6e3cb6\" data-element_type=\"widget\" data-e-type=\"widget\" data-widget_type=\"heading.default\">\n\t\t\t\t\t<h1 class=\"elementor-heading-title elementor-size-default\">Honorar &amp; Abrechnung\n<\/h1>\t\t\t\t<\/div>\n\t\t\t\t<div class=\"elementor-element elementor-element-3cfb1a0 elementor-icon-list--layout-inline elementor-list-item-link-full_width elementor-widget elementor-widget-icon-list\" data-id=\"3cfb1a0\" data-element_type=\"widget\" data-e-type=\"widget\" data-widget_type=\"icon-list.default\">\n\t\t\t\t\t\t\t<ul class=\"elementor-icon-list-items elementor-inline-items\">\n\t\t\t\t\t\t\t<li class=\"elementor-icon-list-item elementor-inline-item\">\n\t\t\t\t\t\t\t\t\t\t\t<a href=\"https:\/\/nomadlaw.ch\/home\/\">\n\n\t\t\t\t\t\t\t\t\t\t\t<span class=\"elementor-icon-list-text\">Startseite<\/span>\n\t\t\t\t\t\t\t\t\t\t\t<\/a>\n\t\t\t\t\t\t\t\t\t<\/li>\n\t\t\t\t\t\t\t\t<li class=\"elementor-icon-list-item elementor-inline-item\">\n\t\t\t\t\t\t\t\t\t\t\t<a href=\"https:\/\/nomadlaw.ch\/de\/kontakt\/\">\n\n\t\t\t\t\t\t\t\t\t\t\t\t<span class=\"elementor-icon-list-icon\">\n\t\t\t\t\t\t\t<svg aria-hidden=\"true\" class=\"e-font-icon-svg e-fas-caret-right\" viewBox=\"0 0 192 512\" xmlns=\"http:\/\/www.w3.org\/2000\/svg\"><path d=\"M0 384.662V127.338c0-17.818 21.543-26.741 34.142-14.142l128.662 128.662c7.81 7.81 7.81 20.474 0 28.284L34.142 398.804C21.543 411.404 0 402.48 0 384.662z\"><\/path><\/svg>\t\t\t\t\t\t<\/span>\n\t\t\t\t\t\t\t\t\t\t<span class=\"elementor-icon-list-text\">Honorar<\/span>\n\t\t\t\t\t\t\t\t\t\t\t<\/a>\n\t\t\t\t\t\t\t\t\t<\/li>\n\t\t\t\t\t\t<\/ul>\n\t\t\t\t\t\t<\/div>\n\t\t\t\t\t<\/div>\n\t\t\t\t<\/div>\n\t\t<div class=\"elementor-element elementor-element-fe91c20 e-flex e-con-boxed e-con e-parent\" data-id=\"fe91c20\" data-element_type=\"container\" data-e-type=\"container\">\n\t\t\t\t\t<div class=\"e-con-inner\">\n\t\t<div class=\"elementor-element elementor-element-af4beeb e-con-full e-flex e-con e-child\" data-id=\"af4beeb\" data-element_type=\"container\" data-e-type=\"container\">\n\t\t\t\t<div class=\"elementor-element elementor-element-4a5aba2 elementor-widget elementor-widget-image\" data-id=\"4a5aba2\" data-element_type=\"widget\" data-e-type=\"widget\" data-widget_type=\"image.default\">\n\t\t\t\t\t\t\t\t\t\t\t\t\t\t\t<img fetchpriority=\"high\" decoding=\"async\" width=\"800\" height=\"600\" src=\"https:\/\/nomadlaw.ch\/wp-content\/uploads\/2026\/02\/23423-e1771874620111-1024x768.webp\" class=\"attachment-large size-large wp-image-1855\" alt=\"\" srcset=\"https:\/\/nomadlaw.ch\/wp-content\/uploads\/2026\/02\/23423-e1771874620111-1024x768.webp 1024w, https:\/\/nomadlaw.ch\/wp-content\/uploads\/2026\/02\/23423-e1771874620111-300x225.webp 300w, https:\/\/nomadlaw.ch\/wp-content\/uploads\/2026\/02\/23423-e1771874620111-768x576.webp 768w, https:\/\/nomadlaw.ch\/wp-content\/uploads\/2026\/02\/23423-e1771874620111.webp 1347w\" sizes=\"(max-width: 800px) 100vw, 800px\" \/>\t\t\t\t\t\t\t\t\t\t\t\t\t\t\t<\/div>\n\t\t\t\t<\/div>\n\t\t<div class=\"elementor-element elementor-element-c76d152 e-con-full e-flex e-con e-child\" data-id=\"c76d152\" data-element_type=\"container\" data-e-type=\"container\">\n\t\t\t\t<div class=\"elementor-element elementor-element-a97bf09 elementor-widget elementor-widget-heading\" data-id=\"a97bf09\" data-element_type=\"widget\" data-e-type=\"widget\" data-widget_type=\"heading.default\">\n\t\t\t\t\t<h2 class=\"elementor-heading-title elementor-size-default\">Honorar &amp; Abrechnung<\/h2>\t\t\t\t<\/div>\n\t\t\t\t<div class=\"elementor-element elementor-element-8bf4cc5 elementor-widget elementor-widget-text-editor\" data-id=\"8bf4cc5\" data-element_type=\"widget\" data-e-type=\"widget\" data-widget_type=\"text-editor.default\">\n\t\t\t\t\t\t\t\t\t<p>Unsere Honorare richten sich nach Aufwand, Komplexit\u00e4t und dem Wert der Angelegenheit f\u00fcr Sie. Wir legen gr\u00f6ssten Wert auf Transparenz und klare Kostenabsprachen bereits zu Beginn der Zusammenarbeit.  Die meisten Mandate werden entweder zu einem vereinbarten Stundensatz oder als fixe Pauschale abgerechnet. Unsere Stundenasatz startet bei CHF 350 pro Stunde (exkl. MwSt.) f\u00fcr Rechtsberatung.<\/p>\t\t\t\t\t\t\t\t<\/div>\n\t\t<div class=\"elementor-element elementor-element-6a14a14 e-con-full e-flex e-con e-child\" data-id=\"6a14a14\" data-element_type=\"container\" data-e-type=\"container\" data-settings=\"{&quot;background_background&quot;:&quot;classic&quot;}\">\n\t\t\t\t<div class=\"elementor-element elementor-element-569c2e3 elementor-widget elementor-widget-heading\" data-id=\"569c2e3\" data-element_type=\"widget\" data-e-type=\"widget\" data-widget_type=\"heading.default\">\n\t\t\t\t\t<h3 class=\"elementor-heading-title elementor-size-default\">Erstberatung:<\/h3>\t\t\t\t<\/div>\n\t\t\t\t<div class=\"elementor-element elementor-element-f5ba817 elementor-widget elementor-widget-text-editor\" data-id=\"f5ba817\" data-element_type=\"widget\" data-e-type=\"widget\" data-widget_type=\"text-editor.default\">\n\t\t\t\t\t\t\t\t\t<p>Die Erstberatung (ca. 45\u201360 Minuten) dient dazu, Ihr Anliegen genau zu verstehen und Ihnen eine realistische Ersteinsch\u00e4tzung sowie einen m\u00f6glichen weiteren Weg aufzuzeigen. <br><span style=\"color: #c8102e;\"><em><strong>Pauschal CHF 180.\u2013 exkl. MwSt.<\/strong><\/em><\/span><\/p>\t\t\t\t\t\t\t\t<\/div>\n\t\t\t\t<\/div>\n\t\t\t\t<\/div>\n\t\t\t\t\t<\/div>\n\t\t\t\t<\/div>\n\t\t<div class=\"elementor-element elementor-element-c9c453b elementor-hidden-desktop elementor-hidden-tablet elementor-hidden-mobile e-flex e-con-boxed e-con e-parent\" data-id=\"c9c453b\" data-element_type=\"container\" data-e-type=\"container\">\n\t\t\t\t\t<div class=\"e-con-inner\">\n\t\t\t\t<div class=\"elementor-element elementor-element-def132f elementor-widget elementor-widget-spacer\" data-id=\"def132f\" data-element_type=\"widget\" data-e-type=\"widget\" data-widget_type=\"spacer.default\">\n\t\t\t\t\t\t\t<div class=\"elementor-spacer\">\n\t\t\t<div class=\"elementor-spacer-inner\"><\/div>\n\t\t<\/div>\n\t\t\t\t\t\t<\/div>\n\t\t\t\t<div class=\"elementor-element elementor-element-50a1d8d elementor-widget elementor-widget-heading\" data-id=\"50a1d8d\" data-element_type=\"widget\" data-e-type=\"widget\" data-widget_type=\"heading.default\">\n\t\t\t\t\t<h2 class=\"elementor-heading-title elementor-size-default\">Servicepakete<\/h2>\t\t\t\t<\/div>\n\t\t\t\t<div class=\"elementor-element elementor-element-6b550cf elementor-widget elementor-widget-text-editor\" data-id=\"6b550cf\" data-element_type=\"widget\" data-e-type=\"widget\" data-widget_type=\"text-editor.default\">\n\t\t\t\t\t\t\t\t\tWir bieten strukturierte Servicepakete an, die auf wiederkehrende rechtliche Bed\u00fcrfnisse zugeschnitten sind. Details auf Anfrage erh\u00e4ltlich. \t\t\t\t\t\t\t\t<\/div>\n\t\t<div class=\"elementor-element elementor-element-bc4476b e-con-full e-flex e-con e-child\" data-id=\"bc4476b\" data-element_type=\"container\" data-e-type=\"container\">\n\t\t<div class=\"elementor-element elementor-element-7bd0e76 e-con-full e-flex e-con e-child\" data-id=\"7bd0e76\" data-element_type=\"container\" data-e-type=\"container\">\n\t\t\t\t<\/div>\n\t\t<div class=\"elementor-element elementor-element-0367861 e-con-full e-flex e-con e-child\" data-id=\"0367861\" data-element_type=\"container\" data-e-type=\"container\">\n\t\t\t\t<\/div>\n\t\t<div class=\"elementor-element elementor-element-3574295 e-con-full e-flex e-con e-child\" data-id=\"3574295\" data-element_type=\"container\" data-e-type=\"container\">\n\t\t\t\t<\/div>\n\t\t\t\t<\/div>\n\t\t\t\t<div class=\"elementor-element elementor-element-b7bafa2 elementor-widget elementor-widget-spacer\" data-id=\"b7bafa2\" data-element_type=\"widget\" data-e-type=\"widget\" data-widget_type=\"spacer.default\">\n\t\t\t\t\t\t\t<div class=\"elementor-spacer\">\n\t\t\t<div class=\"elementor-spacer-inner\"><\/div>\n\t\t<\/div>\n\t\t\t\t\t\t<\/div>\n\t\t\t\t\t<\/div>\n\t\t\t\t<\/div>\n\t\t\t\t<\/div>\n\t\t","protected":false},"excerpt":{"rendered":"<p>Honorar &amp; Abrechnung Startseite Honorar Honorar &amp; Abrechnung Unsere Honorare richten sich nach Aufwand, Komplexit\u00e4t und dem Wert der Angelegenheit f\u00fcr Sie. Wir legen gr\u00f6ssten Wert auf Transparenz und klare Kostenabsprachen bereits zu Beginn der Zusammenarbeit. Die meisten Mandate werden entweder zu einem vereinbarten Stundensatz oder als fixe Pauschale abgerechnet. Unsere Stundenasatz startet bei CHF [&hellip;]<\/p>\n","protected":false},"author":1,"featured_media":0,"parent":0,"menu_order":0,"comment_status":"closed","ping_status":"closed","template":"","meta":{"footnotes":""},"class_list":["post-1988","page","type-page","status-publish","hentry"],"_links":{"self":[{"href":"https:\/\/nomadlaw.ch\/de\/wp-json\/wp\/v2\/pages\/1988","targetHints":{"allow":["GET"]}}],"collection":[{"href":"https:\/\/nomadlaw.ch\/de\/wp-json\/wp\/v2\/pages"}],"about":[{"href":"https:\/\/nomadlaw.ch\/de\/wp-json\/wp\/v2\/types\/page"}],"author":[{"embeddable":true,"href":"https:\/\/nomadlaw.ch\/de\/wp-json\/wp\/v2\/users\/1"}],"replies":[{"embeddable":true,"href":"https:\/\/nomadlaw.ch\/de\/wp-json\/wp\/v2\/comments?post=1988"}],"version-history":[{"count":7,"href":"https:\/\/nomadlaw.ch\/de\/wp-json\/wp\/v2\/pages\/1988\/revisions"}],"predecessor-version":[{"id":2175,"href":"https:\/\/nomadlaw.ch\/de\/wp-json\/wp\/v2\/pages\/1988\/revisions\/2175"}],"wp:attachment":[{"href":"https:\/\/nomadlaw.ch\/de\/wp-json\/wp\/v2\/media?parent=1988"}],"curies":[{"name":"wp","href":"https:\/\/api.w.org\/{rel}","templated":true}]}}